{"id":154995,"date":"2025-02-24T12:13:31","date_gmt":"2025-02-24T12:13:31","guid":{"rendered":"https:\/\/albatrostextile.ee\/product\/samet-william-morris-african-marigold-velvet-walnut\/"},"modified":"2025-02-24T12:13:31","modified_gmt":"2025-02-24T12:13:31","slug":"samet-william-morris-african-marigold-velvet-walnut","status":"publish","type":"product","link":"https:\/\/albatrostextile.ee\/ru\/product\/samet-william-morris-african-marigold-velvet-walnut\/","title":{"rendered":"SAmet William Morris African Marigold Velvet Walnut"},"content":{"rendered":"<p>William Morris<\/p>\n<h2 style=\"margin-left: 0px;\">African Marigold Velvet<\/h2>\n<figure class=\"table\" style=\"width: auto;\">\n<table>\n<tbody>\n<tr>\n<th style=\"padding: 5.5px 30px 10px 0px; vertical-align: top;\">Koostis<\/th>\n<td style=\"padding: 5.5px 5px 10px; vertical-align: top;\">100% pol\u00fcester<\/td>\n<\/tr>\n<tr>\n<th style=\"padding: 5.5px 30px 10px 0px; vertical-align: top;\">Kasutamine<\/th>\n<td style=\"padding: 5.5px 5px 10px; vertical-align: top;\">Raskete lepingute puhul polsterdamine ja kardinad<\/td>\n<\/tr>\n<tr>\n<th style=\"padding: 5.5px 30px 10px 0px; vertical-align: top;\">P\u00e4ritoluriik<\/th>\n<td style=\"padding: 5.5px 5px 10px; vertical-align: top;\">T\u00fcrgi<\/td>\n<\/tr>\n<tr>\n<th style=\"padding: 5.5px 30px 10px 0px; vertical-align: top;\">Stiil<\/th>\n<td style=\"padding: 5.5px 5px 10px; vertical-align: top;\">Traditsiooniline, samet<\/td>\n<\/tr>\n<tr>\n<th style=\"padding: 5.5px 30px 10px 0px; vertical-align: top;\">Vertikaalne mustri kordus<\/th>\n<td style=\"padding: 5.5px 5px 10px; vertical-align: top;\">41<\/td>\n<\/tr>\n<tr>\n<th style=\"padding: 5.5px 30px 10px 0px; vertical-align: top;\">Horisontaalne mustri kordus<\/th>\n<td style=\"padding: 5.5px 5px 10px; vertical-align: top;\">69<\/td>\n<\/tr>\n<tr>\n<th style=\"padding: 5.5px 30px 10px 0px; vertical-align: top;\">H\u00f5\u00f5rdetesti tulemused<\/th>\n<td style=\"padding: 5.5px 5px 10px; vertical-align: top;\">50000<\/td>\n<\/tr>\n<tr>\n<th style=\"padding: 5.5px 30px 10px 0px; vertical-align: top;\">Laius<\/th>\n<td style=\"padding: 5.5px 5px 10px; vertical-align: top;\">139<\/td>\n<\/tr>\n<tr>\n<th style=\"padding: 5.5px 30px 10px 0px; vertical-align: top;\">Grammi meetri kohta<\/th>\n<td style=\"padding: 5.5px 5px 10px; vertical-align: top;\">535<\/td>\n<\/tr>\n<tr>\n<th style=\"padding: 5.5px 30px 10px 0px; vertical-align: top;\">Grammi ruutmeetri kohta<\/th>\n<td style=\"padding: 5.5px 5px 10px; vertical-align: top;\">385<\/td>\n<\/tr>\n<tr>\n<th style=\"padding: 5.5px 30px 10px 0px; vertical-align: top;\">Kaubakood<\/th>\n<td style=\"padding: 5.5px 5px 10px; vertical-align: top;\">5801370000<\/td>\n<\/tr>\n<\/tbody>\n<\/table><figcaption>Lisateave<\/figcaption><\/figure>\n<p>J\u00e4relhooldus:<\/p>\n<ul>\n<li><img decoding=\"async\" src=\"https:\/\/ashleywildegroup.com\/static\/version1713166557\/frontend\/Studioworx\/ashleywilde\/en_GB\/aftercare\/dco.jpg\" alt=\"DCO\" \/><\/li>\n<\/ul>\n<p style=\"margin-left: 0px;\">ColourWalnut<\/p>\n","protected":false},"excerpt":{"rendered":"<p>William Morris African Marigold Velvet Koostis 100% pol\u00fcester Kasutamine Raskete lepingute puhul polsterdamine ja kardinad P\u00e4ritoluriik T\u00fcrgi Stiil Traditsiooniline, samet Vertikaalne mustri kordus 41 Horisontaalne mustri kordus 69 H\u00f5\u00f5rdetesti tulemused 50000 Laius 139 Grammi meetri kohta 535 Grammi ruutmeetri kohta 385 Kaubakood 5801370000 Lisateave J\u00e4relhooldus: ColourWalnut<\/p>\n","protected":false},"featured_media":26014,"comment_status":"open","ping_status":"closed","template":"","meta":{"_acf_changed":false},"product_brand":[],"product_cat":[1349,1352],"product_tag":[],"class_list":{"0":"post-154995","1":"product","2":"type-product","3":"status-publish","4":"has-post-thumbnail","6":"product_cat-tkani","7":"product_cat-tkani-dlya-plotnyh-shtor","9":"first","10":"onbackorder","11":"taxable","12":"shipping-taxable","13":"purchasable","14":"product-type-simple"},"acf":[],"yoast_head":"<!-- This site is optimized with the Yoast SEO plugin v27.1.1 - https:\/\/yoast.com\/product\/yoast-seo-wordpress\/ -->\n<title>SAmet William Morris African Marigold Velvet Walnut - Albatros Textile<\/title>\n<meta name=\"robots\" content=\"index, follow, max-snippet:-1, max-image-preview:large, max-video-preview:-1\" \/>\n<link rel=\"canonical\" href=\"https:\/\/albatrostextile.ee\/ru\/product\/samet-william-morris-african-marigold-velvet-walnut\/\" \/>\n<meta property=\"og:locale\" content=\"ru_RU\" \/>\n<meta property=\"og:type\" content=\"article\" \/>\n<meta property=\"og:title\" content=\"SAmet William Morris African Marigold Velvet Walnut - Albatros Textile\" \/>\n<meta property=\"og:description\" content=\"William Morris African Marigold Velvet Koostis 100% pol\u00fcester Kasutamine Raskete lepingute puhul polsterdamine ja kardinad P\u00e4ritoluriik T\u00fcrgi Stiil Traditsiooniline, samet Vertikaalne mustri kordus 41 Horisontaalne mustri kordus 69 H\u00f5\u00f5rdetesti tulemused 50000 Laius 139 Grammi meetri kohta 535 Grammi ruutmeetri kohta 385 Kaubakood 5801370000 Lisateave J\u00e4relhooldus: ColourWalnut\" \/>\n<meta property=\"og:url\" content=\"https:\/\/albatrostextile.ee\/ru\/product\/samet-william-morris-african-marigold-velvet-walnut\/\" \/>\n<meta property=\"og:site_name\" content=\"Albatros Textile\" \/>\n<meta property=\"og:image\" content=\"https:\/\/ashleywildegroup.com\/static\/version1713166557\/frontend\/Studioworx\/ashleywilde\/en_GB\/aftercare\/dco.jpg\" \/>\n<meta name=\"twitter:card\" content=\"summary_large_image\" \/>\n<script type=\"application\/ld+json\" class=\"yoast-schema-graph\">{\"@context\":\"https:\/\/schema.org\",\"@graph\":[{\"@type\":\"WebPage\",\"@id\":\"https:\/\/albatrostextile.ee\/ru\/product\/samet-william-morris-african-marigold-velvet-walnut\/\",\"url\":\"https:\/\/albatrostextile.ee\/ru\/product\/samet-william-morris-african-marigold-velvet-walnut\/\",\"name\":\"SAmet William Morris African Marigold Velvet Walnut - Albatros Textile\",\"isPartOf\":{\"@id\":\"https:\/\/albatrostextile.ee\/ru\/#website\"},\"primaryImageOfPage\":{\"@id\":\"https:\/\/albatrostextile.ee\/ru\/product\/samet-william-morris-african-marigold-velvet-walnut\/#primaryimage\"},\"image\":{\"@id\":\"https:\/\/albatrostextile.ee\/ru\/product\/samet-william-morris-african-marigold-velvet-walnut\/#primaryimage\"},\"thumbnailUrl\":\"https:\/\/albatrostextile.ee\/wp-content\/uploads\/2025\/02\/wmafricvelvetwa-1-1.jpg\",\"datePublished\":\"2025-02-24T12:13:31+00:00\",\"breadcrumb\":{\"@id\":\"https:\/\/albatrostextile.ee\/ru\/product\/samet-william-morris-african-marigold-velvet-walnut\/#breadcrumb\"},\"inLanguage\":\"ru-RU\",\"potentialAction\":[{\"@type\":\"ReadAction\",\"target\":[\"https:\/\/albatrostextile.ee\/ru\/product\/samet-william-morris-african-marigold-velvet-walnut\/\"]}]},{\"@type\":\"ImageObject\",\"inLanguage\":\"ru-RU\",\"@id\":\"https:\/\/albatrostextile.ee\/ru\/product\/samet-william-morris-african-marigold-velvet-walnut\/#primaryimage\",\"url\":\"https:\/\/albatrostextile.ee\/wp-content\/uploads\/2025\/02\/wmafricvelvetwa-1-1.jpg\",\"contentUrl\":\"https:\/\/albatrostextile.ee\/wp-content\/uploads\/2025\/02\/wmafricvelvetwa-1-1.jpg\",\"width\":700,\"height\":700},{\"@type\":\"BreadcrumbList\",\"@id\":\"https:\/\/albatrostextile.ee\/ru\/product\/samet-william-morris-african-marigold-velvet-walnut\/#breadcrumb\",\"itemListElement\":[{\"@type\":\"ListItem\",\"position\":1,\"name\":\"Home\",\"item\":\"https:\/\/albatrostextile.ee\/ru\/glavnaya-stranicza\/\"},{\"@type\":\"ListItem\",\"position\":2,\"name\":\"\u041c\u0430\u0433\u0430\u0437\u0438\u043d\",\"item\":\"https:\/\/albatrostextile.ee\/ru\/shop\/\"},{\"@type\":\"ListItem\",\"position\":3,\"name\":\"SAmet William Morris African Marigold Velvet Walnut\"}]},{\"@type\":\"WebSite\",\"@id\":\"https:\/\/albatrostextile.ee\/ru\/#website\",\"url\":\"https:\/\/albatrostextile.ee\/ru\/\",\"name\":\"Albatros Textile\",\"description\":\"Viimsi kardinasalong\",\"publisher\":{\"@id\":\"https:\/\/albatrostextile.ee\/ru\/#organization\"},\"potentialAction\":[{\"@type\":\"SearchAction\",\"target\":{\"@type\":\"EntryPoint\",\"urlTemplate\":\"https:\/\/albatrostextile.ee\/ru\/?s={search_term_string}\"},\"query-input\":{\"@type\":\"PropertyValueSpecification\",\"valueRequired\":true,\"valueName\":\"search_term_string\"}}],\"inLanguage\":\"ru-RU\"},{\"@type\":\"Organization\",\"@id\":\"https:\/\/albatrostextile.ee\/ru\/#organization\",\"name\":\"Albatros Textile\",\"url\":\"https:\/\/albatrostextile.ee\/ru\/\",\"logo\":{\"@type\":\"ImageObject\",\"inLanguage\":\"ru-RU\",\"@id\":\"https:\/\/albatrostextile.ee\/ru\/#\/schema\/logo\/image\/\",\"url\":\"https:\/\/albatrostextile.ee\/wp-content\/uploads\/2022\/11\/cropped-albatros-textile-logo.png\",\"contentUrl\":\"https:\/\/albatrostextile.ee\/wp-content\/uploads\/2022\/11\/cropped-albatros-textile-logo.png\",\"width\":512,\"height\":512,\"caption\":\"Albatros Textile\"},\"image\":{\"@id\":\"https:\/\/albatrostextile.ee\/ru\/#\/schema\/logo\/image\/\"},\"sameAs\":[\"https:\/\/www.instagram.com\/albatrostextile\"]}]}<\/script>\n<!-- \/ Yoast SEO plugin. -->","yoast_head_json":{"title":"SAmet William Morris African Marigold Velvet Walnut - Albatros Textile","robots":{"index":"index","follow":"follow","max-snippet":"max-snippet:-1","max-image-preview":"max-image-preview:large","max-video-preview":"max-video-preview:-1"},"canonical":"https:\/\/albatrostextile.ee\/ru\/product\/samet-william-morris-african-marigold-velvet-walnut\/","og_locale":"ru_RU","og_type":"article","og_title":"SAmet William Morris African Marigold Velvet Walnut - Albatros Textile","og_description":"William Morris African Marigold Velvet Koostis 100% pol\u00fcester Kasutamine Raskete lepingute puhul polsterdamine ja kardinad P\u00e4ritoluriik T\u00fcrgi Stiil Traditsiooniline, samet Vertikaalne mustri kordus 41 Horisontaalne mustri kordus 69 H\u00f5\u00f5rdetesti tulemused 50000 Laius 139 Grammi meetri kohta 535 Grammi ruutmeetri kohta 385 Kaubakood 5801370000 Lisateave J\u00e4relhooldus: ColourWalnut","og_url":"https:\/\/albatrostextile.ee\/ru\/product\/samet-william-morris-african-marigold-velvet-walnut\/","og_site_name":"Albatros Textile","og_image":[{"url":"https:\/\/ashleywildegroup.com\/static\/version1713166557\/frontend\/Studioworx\/ashleywilde\/en_GB\/aftercare\/dco.jpg","type":"","width":"","height":""}],"twitter_card":"summary_large_image","schema":{"@context":"https:\/\/schema.org","@graph":[{"@type":"WebPage","@id":"https:\/\/albatrostextile.ee\/ru\/product\/samet-william-morris-african-marigold-velvet-walnut\/","url":"https:\/\/albatrostextile.ee\/ru\/product\/samet-william-morris-african-marigold-velvet-walnut\/","name":"SAmet William Morris African Marigold Velvet Walnut - Albatros Textile","isPartOf":{"@id":"https:\/\/albatrostextile.ee\/ru\/#website"},"primaryImageOfPage":{"@id":"https:\/\/albatrostextile.ee\/ru\/product\/samet-william-morris-african-marigold-velvet-walnut\/#primaryimage"},"image":{"@id":"https:\/\/albatrostextile.ee\/ru\/product\/samet-william-morris-african-marigold-velvet-walnut\/#primaryimage"},"thumbnailUrl":"https:\/\/albatrostextile.ee\/wp-content\/uploads\/2025\/02\/wmafricvelvetwa-1-1.jpg","datePublished":"2025-02-24T12:13:31+00:00","breadcrumb":{"@id":"https:\/\/albatrostextile.ee\/ru\/product\/samet-william-morris-african-marigold-velvet-walnut\/#breadcrumb"},"inLanguage":"ru-RU","potentialAction":[{"@type":"ReadAction","target":["https:\/\/albatrostextile.ee\/ru\/product\/samet-william-morris-african-marigold-velvet-walnut\/"]}]},{"@type":"ImageObject","inLanguage":"ru-RU","@id":"https:\/\/albatrostextile.ee\/ru\/product\/samet-william-morris-african-marigold-velvet-walnut\/#primaryimage","url":"https:\/\/albatrostextile.ee\/wp-content\/uploads\/2025\/02\/wmafricvelvetwa-1-1.jpg","contentUrl":"https:\/\/albatrostextile.ee\/wp-content\/uploads\/2025\/02\/wmafricvelvetwa-1-1.jpg","width":700,"height":700},{"@type":"BreadcrumbList","@id":"https:\/\/albatrostextile.ee\/ru\/product\/samet-william-morris-african-marigold-velvet-walnut\/#breadcrumb","itemListElement":[{"@type":"ListItem","position":1,"name":"Home","item":"https:\/\/albatrostextile.ee\/ru\/glavnaya-stranicza\/"},{"@type":"ListItem","position":2,"name":"\u041c\u0430\u0433\u0430\u0437\u0438\u043d","item":"https:\/\/albatrostextile.ee\/ru\/shop\/"},{"@type":"ListItem","position":3,"name":"SAmet William Morris African Marigold Velvet Walnut"}]},{"@type":"WebSite","@id":"https:\/\/albatrostextile.ee\/ru\/#website","url":"https:\/\/albatrostextile.ee\/ru\/","name":"Albatros Textile","description":"Viimsi kardinasalong","publisher":{"@id":"https:\/\/albatrostextile.ee\/ru\/#organization"},"potentialAction":[{"@type":"SearchAction","target":{"@type":"EntryPoint","urlTemplate":"https:\/\/albatrostextile.ee\/ru\/?s={search_term_string}"},"query-input":{"@type":"PropertyValueSpecification","valueRequired":true,"valueName":"search_term_string"}}],"inLanguage":"ru-RU"},{"@type":"Organization","@id":"https:\/\/albatrostextile.ee\/ru\/#organization","name":"Albatros Textile","url":"https:\/\/albatrostextile.ee\/ru\/","logo":{"@type":"ImageObject","inLanguage":"ru-RU","@id":"https:\/\/albatrostextile.ee\/ru\/#\/schema\/logo\/image\/","url":"https:\/\/albatrostextile.ee\/wp-content\/uploads\/2022\/11\/cropped-albatros-textile-logo.png","contentUrl":"https:\/\/albatrostextile.ee\/wp-content\/uploads\/2022\/11\/cropped-albatros-textile-logo.png","width":512,"height":512,"caption":"Albatros Textile"},"image":{"@id":"https:\/\/albatrostextile.ee\/ru\/#\/schema\/logo\/image\/"},"sameAs":["https:\/\/www.instagram.com\/albatrostextile"]}]}},"_links":{"self":[{"href":"https:\/\/albatrostextile.ee\/ru\/wp-json\/wp\/v2\/product\/154995","targetHints":{"allow":["GET"]}}],"collection":[{"href":"https:\/\/albatrostextile.ee\/ru\/wp-json\/wp\/v2\/product"}],"about":[{"href":"https:\/\/albatrostextile.ee\/ru\/wp-json\/wp\/v2\/types\/product"}],"replies":[{"embeddable":true,"href":"https:\/\/albatrostextile.ee\/ru\/wp-json\/wp\/v2\/comments?post=154995"}],"wp:featuredmedia":[{"embeddable":true,"href":"https:\/\/albatrostextile.ee\/ru\/wp-json\/wp\/v2\/media\/26014"}],"wp:attachment":[{"href":"https:\/\/albatrostextile.ee\/ru\/wp-json\/wp\/v2\/media?parent=154995"}],"wp:term":[{"taxonomy":"product_brand","embeddable":true,"href":"https:\/\/albatrostextile.ee\/ru\/wp-json\/wp\/v2\/product_brand?post=154995"},{"taxonomy":"product_cat","embeddable":true,"href":"https:\/\/albatrostextile.ee\/ru\/wp-json\/wp\/v2\/product_cat?post=154995"},{"taxonomy":"product_tag","embeddable":true,"href":"https:\/\/albatrostextile.ee\/ru\/wp-json\/wp\/v2\/product_tag?post=154995"}],"curies":[{"name":"wp","href":"https:\/\/api.w.org\/{rel}","templated":true}]}}