{"id":17174,"date":"2025-02-13T12:25:12","date_gmt":"2025-02-13T12:25:12","guid":{"rendered":"https:\/\/albatrostextile.ee\/product\/textile-candela-13\/"},"modified":"2025-11-25T12:03:17","modified_gmt":"2025-11-25T12:03:17","slug":"textile-candela-13","status":"publish","type":"product","link":"https:\/\/albatrostextile.ee\/en\/product\/textile-candela-13\/","title":{"rendered":"Textile CANDELA 13"},"content":{"rendered":"<p style=\"margin-left:0px\">COMPOSITION: 100% LI<\/p>\n<p style=\"margin-left:0px\">WIDTH: 150 \/ 300 cm<\/p>\n<p style=\"margin-left:0px\">WEIGHT: 460 gr\/m2<\/p>\n<p style=\"margin-left:0px\">PATTERN DIRECTION: UP ROADED<\/p>\n<p style=\"margin-left:0px\">ABRASION: 35.000 cycles<\/p>\n<p style=\"margin-left:0px\">LIGHT FASTNESS: 4-5<\/p>\n<p style=\"margin-left:0px\">SHRINKAGE: WARP -4,00% WEFT -2,00%<\/p>\n<p style=\"margin-left:0px\"><img decoding=\"async\" class=\"image_resized\" style=\"width:24px\" src=\"https:\/\/b2b.alhambrafabrics.com\/\/img\/SIMBOLOS%20DE%20USO\/upholstery.svg\"> <img decoding=\"async\" class=\"image_resized\" style=\"width:24px\" src=\"https:\/\/b2b.alhambrafabrics.com\/\/img\/SIMBOLOS%20DE%20USO\/decoration.svg\"> <img decoding=\"async\" class=\"image_resized\" style=\"width:24px\" src=\"https:\/\/b2b.alhambrafabrics.com\/\/img\/SIMBOLOS%20DE%20USO\/drapery.svg\"> <img decoding=\"async\" class=\"image_resized\" style=\"width:24px\" src=\"https:\/\/b2b.alhambrafabrics.com\/img\/SIMBOLOS%20DE%20CONSERVACION\/Ginetex%20B2B\/png%20azul\/gin_sym_was_hand.svg\"> <img decoding=\"async\" class=\"image_resized\" style=\"width:24px\" src=\"https:\/\/b2b.alhambrafabrics.com\/img\/SIMBOLOS%20DE%20CONSERVACION\/Ginetex%20B2B\/png%20azul\/gin_sym_ble_not.svg\"> <img decoding=\"async\" class=\"image_resized\" style=\"width:24px\" src=\"https:\/\/b2b.alhambrafabrics.com\/img\/SIMBOLOS%20DE%20CONSERVACION\/Ginetex%20B2B\/png%20azul\/gin_sym_iro_not.svg\"> <img decoding=\"async\" class=\"image_resized\" style=\"width:24px\" src=\"https:\/\/b2b.alhambrafabrics.com\/img\/SIMBOLOS%20DE%20CONSERVACION\/Ginetex%20B2B\/png%20azul\/gin_sym_pro_dry_p_normal.svg\"> <img decoding=\"async\" class=\"image_resized\" style=\"width:24px\" src=\"https:\/\/b2b.alhambrafabrics.com\/img\/SIMBOLOS%20DE%20CONSERVACION\/Ginetex%20B2B\/png%20azul\/gin_sym_dry_not.svg\"><\/p>\n","protected":false},"excerpt":{"rendered":"<p>Candela on 300 cm laiune ja 460 g\/m\u00b2 kaaluv tihe linane kangas. Ens\u00fc\u00fcmiviimistlus annab sellele sundimatu ilme, mis kontrasteerub selle v\u00e4\u00e4rika langevuse ja kaunite voltidega. V\u00e4rvid on inspireeritud maast ja merest, jutustades loo Vahemere piirkonnast, r\u00f5hutades saviseid toone, v\u00fcrtsikaid okreid ning laia valikut meresiniseid ja rohelisi varjundeid.<br \/>\nSobides nii polsterdamiseks, kardinateks kui ka voodikatteteks, kiirgab see linane kangas v\u00e4rskust ja omap\u00e4rast, p\u00fcsivat pehmust.<br \/>\nPange t\u00e4hele, et kanga v\u00e4rv ekraanil v\u00f5ib erineda tegelikust toonist s\u00f5ltuvalt teie seadme seadistustest ja valgustusest. L\u00f5igatud m\u00f5\u00f5tudega kvaliteetset tekstiili ei vahetata ega tagastata.<\/p>\n","protected":false},"featured_media":17171,"comment_status":"open","ping_status":"closed","template":"","meta":{"_acf_changed":false},"product_brand":[],"product_cat":[1348,1351,1363,1357],"product_tag":[],"class_list":{"0":"post-17174","1":"product","2":"type-product","3":"status-publish","4":"has-post-thumbnail","6":"product_cat-textile","7":"product_cat-textile-for-heavy-curtains","8":"product_cat-textiles-for-tablecloths","9":"product_cat-upholstery-fabric","11":"first","12":"onbackorder","13":"taxable","14":"shipping-taxable","15":"purchasable","16":"product-type-simple"},"acf":[],"yoast_head":"<!-- This site is optimized with the Yoast SEO plugin v27.1.1 - https:\/\/yoast.com\/product\/yoast-seo-wordpress\/ -->\n<title>Textile CANDELA 13 - Albatros Textile<\/title>\n<meta name=\"robots\" content=\"index, follow, max-snippet:-1, max-image-preview:large, max-video-preview:-1\" \/>\n<link rel=\"canonical\" href=\"https:\/\/albatrostextile.ee\/en\/product\/textile-candela-13\/\" \/>\n<meta property=\"og:locale\" content=\"en_US\" \/>\n<meta property=\"og:type\" content=\"article\" \/>\n<meta property=\"og:title\" content=\"Textile CANDELA 13 - Albatros Textile\" \/>\n<meta property=\"og:description\" content=\"Candela on 300 cm laiune ja 460 g\/m\u00b2 kaaluv tihe linane kangas. Ens\u00fc\u00fcmiviimistlus annab sellele sundimatu ilme, mis kontrasteerub selle v\u00e4\u00e4rika langevuse ja kaunite voltidega. V\u00e4rvid on inspireeritud maast ja merest, jutustades loo Vahemere piirkonnast, r\u00f5hutades saviseid toone, v\u00fcrtsikaid okreid ning laia valikut meresiniseid ja rohelisi varjundeid. Sobides nii polsterdamiseks, kardinateks kui ka voodikatteteks, kiirgab see linane kangas v\u00e4rskust ja omap\u00e4rast, p\u00fcsivat pehmust. Pange t\u00e4hele, et kanga v\u00e4rv ekraanil v\u00f5ib erineda tegelikust toonist s\u00f5ltuvalt teie seadme seadistustest ja valgustusest. L\u00f5igatud m\u00f5\u00f5tudega kvaliteetset tekstiili ei vahetata ega tagastata.\" \/>\n<meta property=\"og:url\" content=\"https:\/\/albatrostextile.ee\/en\/product\/textile-candela-13\/\" \/>\n<meta property=\"og:site_name\" content=\"Albatros Textile\" \/>\n<meta property=\"article:modified_time\" content=\"2025-11-25T12:03:17+00:00\" \/>\n<meta property=\"og:image\" content=\"https:\/\/albatrostextile.ee\/wp-content\/uploads\/2025\/02\/candela-13.jpg\" \/>\n\t<meta property=\"og:image:width\" content=\"900\" \/>\n\t<meta property=\"og:image:height\" content=\"840\" \/>\n\t<meta property=\"og:image:type\" content=\"image\/jpeg\" \/>\n<meta name=\"twitter:card\" content=\"summary_large_image\" \/>\n<script type=\"application\/ld+json\" class=\"yoast-schema-graph\">{\"@context\":\"https:\/\/schema.org\",\"@graph\":[{\"@type\":\"WebPage\",\"@id\":\"https:\/\/albatrostextile.ee\/en\/product\/textile-candela-13\/\",\"url\":\"https:\/\/albatrostextile.ee\/en\/product\/textile-candela-13\/\",\"name\":\"Textile CANDELA 13 - Albatros Textile\",\"isPartOf\":{\"@id\":\"https:\/\/albatrostextile.ee\/en\/#website\"},\"primaryImageOfPage\":{\"@id\":\"https:\/\/albatrostextile.ee\/en\/product\/textile-candela-13\/#primaryimage\"},\"image\":{\"@id\":\"https:\/\/albatrostextile.ee\/en\/product\/textile-candela-13\/#primaryimage\"},\"thumbnailUrl\":\"https:\/\/albatrostextile.ee\/wp-content\/uploads\/2025\/02\/candela-13.jpg\",\"datePublished\":\"2025-02-13T12:25:12+00:00\",\"dateModified\":\"2025-11-25T12:03:17+00:00\",\"breadcrumb\":{\"@id\":\"https:\/\/albatrostextile.ee\/en\/product\/textile-candela-13\/#breadcrumb\"},\"inLanguage\":\"en-US\",\"potentialAction\":[{\"@type\":\"ReadAction\",\"target\":[\"https:\/\/albatrostextile.ee\/en\/product\/textile-candela-13\/\"]}]},{\"@type\":\"ImageObject\",\"inLanguage\":\"en-US\",\"@id\":\"https:\/\/albatrostextile.ee\/en\/product\/textile-candela-13\/#primaryimage\",\"url\":\"https:\/\/albatrostextile.ee\/wp-content\/uploads\/2025\/02\/candela-13.jpg\",\"contentUrl\":\"https:\/\/albatrostextile.ee\/wp-content\/uploads\/2025\/02\/candela-13.jpg\",\"width\":900,\"height\":840},{\"@type\":\"BreadcrumbList\",\"@id\":\"https:\/\/albatrostextile.ee\/en\/product\/textile-candela-13\/#breadcrumb\",\"itemListElement\":[{\"@type\":\"ListItem\",\"position\":1,\"name\":\"Home\",\"item\":\"https:\/\/albatrostextile.ee\/en\/homepage\/\"},{\"@type\":\"ListItem\",\"position\":2,\"name\":\"Shop\",\"item\":\"https:\/\/albatrostextile.ee\/en\/shop\/\"},{\"@type\":\"ListItem\",\"position\":3,\"name\":\"Textile CANDELA 13\"}]},{\"@type\":\"WebSite\",\"@id\":\"https:\/\/albatrostextile.ee\/en\/#website\",\"url\":\"https:\/\/albatrostextile.ee\/en\/\",\"name\":\"Albatros Textile\",\"description\":\"Viimsi kardinasalong\",\"publisher\":{\"@id\":\"https:\/\/albatrostextile.ee\/en\/#organization\"},\"potentialAction\":[{\"@type\":\"SearchAction\",\"target\":{\"@type\":\"EntryPoint\",\"urlTemplate\":\"https:\/\/albatrostextile.ee\/en\/?s={search_term_string}\"},\"query-input\":{\"@type\":\"PropertyValueSpecification\",\"valueRequired\":true,\"valueName\":\"search_term_string\"}}],\"inLanguage\":\"en-US\"},{\"@type\":\"Organization\",\"@id\":\"https:\/\/albatrostextile.ee\/en\/#organization\",\"name\":\"Albatros Textile\",\"url\":\"https:\/\/albatrostextile.ee\/en\/\",\"logo\":{\"@type\":\"ImageObject\",\"inLanguage\":\"en-US\",\"@id\":\"https:\/\/albatrostextile.ee\/en\/#\/schema\/logo\/image\/\",\"url\":\"https:\/\/albatrostextile.ee\/wp-content\/uploads\/2022\/11\/cropped-albatros-textile-logo.png\",\"contentUrl\":\"https:\/\/albatrostextile.ee\/wp-content\/uploads\/2022\/11\/cropped-albatros-textile-logo.png\",\"width\":512,\"height\":512,\"caption\":\"Albatros Textile\"},\"image\":{\"@id\":\"https:\/\/albatrostextile.ee\/en\/#\/schema\/logo\/image\/\"},\"sameAs\":[\"https:\/\/www.instagram.com\/albatrostextile\"]}]}<\/script>\n<!-- \/ Yoast SEO plugin. -->","yoast_head_json":{"title":"Textile CANDELA 13 - Albatros Textile","robots":{"index":"index","follow":"follow","max-snippet":"max-snippet:-1","max-image-preview":"max-image-preview:large","max-video-preview":"max-video-preview:-1"},"canonical":"https:\/\/albatrostextile.ee\/en\/product\/textile-candela-13\/","og_locale":"en_US","og_type":"article","og_title":"Textile CANDELA 13 - Albatros Textile","og_description":"Candela on 300 cm laiune ja 460 g\/m\u00b2 kaaluv tihe linane kangas. Ens\u00fc\u00fcmiviimistlus annab sellele sundimatu ilme, mis kontrasteerub selle v\u00e4\u00e4rika langevuse ja kaunite voltidega. V\u00e4rvid on inspireeritud maast ja merest, jutustades loo Vahemere piirkonnast, r\u00f5hutades saviseid toone, v\u00fcrtsikaid okreid ning laia valikut meresiniseid ja rohelisi varjundeid. Sobides nii polsterdamiseks, kardinateks kui ka voodikatteteks, kiirgab see linane kangas v\u00e4rskust ja omap\u00e4rast, p\u00fcsivat pehmust. Pange t\u00e4hele, et kanga v\u00e4rv ekraanil v\u00f5ib erineda tegelikust toonist s\u00f5ltuvalt teie seadme seadistustest ja valgustusest. L\u00f5igatud m\u00f5\u00f5tudega kvaliteetset tekstiili ei vahetata ega tagastata.","og_url":"https:\/\/albatrostextile.ee\/en\/product\/textile-candela-13\/","og_site_name":"Albatros Textile","article_modified_time":"2025-11-25T12:03:17+00:00","og_image":[{"width":900,"height":840,"url":"https:\/\/albatrostextile.ee\/wp-content\/uploads\/2025\/02\/candela-13.jpg","type":"image\/jpeg"}],"twitter_card":"summary_large_image","schema":{"@context":"https:\/\/schema.org","@graph":[{"@type":"WebPage","@id":"https:\/\/albatrostextile.ee\/en\/product\/textile-candela-13\/","url":"https:\/\/albatrostextile.ee\/en\/product\/textile-candela-13\/","name":"Textile CANDELA 13 - Albatros Textile","isPartOf":{"@id":"https:\/\/albatrostextile.ee\/en\/#website"},"primaryImageOfPage":{"@id":"https:\/\/albatrostextile.ee\/en\/product\/textile-candela-13\/#primaryimage"},"image":{"@id":"https:\/\/albatrostextile.ee\/en\/product\/textile-candela-13\/#primaryimage"},"thumbnailUrl":"https:\/\/albatrostextile.ee\/wp-content\/uploads\/2025\/02\/candela-13.jpg","datePublished":"2025-02-13T12:25:12+00:00","dateModified":"2025-11-25T12:03:17+00:00","breadcrumb":{"@id":"https:\/\/albatrostextile.ee\/en\/product\/textile-candela-13\/#breadcrumb"},"inLanguage":"en-US","potentialAction":[{"@type":"ReadAction","target":["https:\/\/albatrostextile.ee\/en\/product\/textile-candela-13\/"]}]},{"@type":"ImageObject","inLanguage":"en-US","@id":"https:\/\/albatrostextile.ee\/en\/product\/textile-candela-13\/#primaryimage","url":"https:\/\/albatrostextile.ee\/wp-content\/uploads\/2025\/02\/candela-13.jpg","contentUrl":"https:\/\/albatrostextile.ee\/wp-content\/uploads\/2025\/02\/candela-13.jpg","width":900,"height":840},{"@type":"BreadcrumbList","@id":"https:\/\/albatrostextile.ee\/en\/product\/textile-candela-13\/#breadcrumb","itemListElement":[{"@type":"ListItem","position":1,"name":"Home","item":"https:\/\/albatrostextile.ee\/en\/homepage\/"},{"@type":"ListItem","position":2,"name":"Shop","item":"https:\/\/albatrostextile.ee\/en\/shop\/"},{"@type":"ListItem","position":3,"name":"Textile CANDELA 13"}]},{"@type":"WebSite","@id":"https:\/\/albatrostextile.ee\/en\/#website","url":"https:\/\/albatrostextile.ee\/en\/","name":"Albatros Textile","description":"Viimsi kardinasalong","publisher":{"@id":"https:\/\/albatrostextile.ee\/en\/#organization"},"potentialAction":[{"@type":"SearchAction","target":{"@type":"EntryPoint","urlTemplate":"https:\/\/albatrostextile.ee\/en\/?s={search_term_string}"},"query-input":{"@type":"PropertyValueSpecification","valueRequired":true,"valueName":"search_term_string"}}],"inLanguage":"en-US"},{"@type":"Organization","@id":"https:\/\/albatrostextile.ee\/en\/#organization","name":"Albatros Textile","url":"https:\/\/albatrostextile.ee\/en\/","logo":{"@type":"ImageObject","inLanguage":"en-US","@id":"https:\/\/albatrostextile.ee\/en\/#\/schema\/logo\/image\/","url":"https:\/\/albatrostextile.ee\/wp-content\/uploads\/2022\/11\/cropped-albatros-textile-logo.png","contentUrl":"https:\/\/albatrostextile.ee\/wp-content\/uploads\/2022\/11\/cropped-albatros-textile-logo.png","width":512,"height":512,"caption":"Albatros Textile"},"image":{"@id":"https:\/\/albatrostextile.ee\/en\/#\/schema\/logo\/image\/"},"sameAs":["https:\/\/www.instagram.com\/albatrostextile"]}]}},"_links":{"self":[{"href":"https:\/\/albatrostextile.ee\/en\/wp-json\/wp\/v2\/product\/17174","targetHints":{"allow":["GET"]}}],"collection":[{"href":"https:\/\/albatrostextile.ee\/en\/wp-json\/wp\/v2\/product"}],"about":[{"href":"https:\/\/albatrostextile.ee\/en\/wp-json\/wp\/v2\/types\/product"}],"replies":[{"embeddable":true,"href":"https:\/\/albatrostextile.ee\/en\/wp-json\/wp\/v2\/comments?post=17174"}],"wp:featuredmedia":[{"embeddable":true,"href":"https:\/\/albatrostextile.ee\/en\/wp-json\/wp\/v2\/media\/17171"}],"wp:attachment":[{"href":"https:\/\/albatrostextile.ee\/en\/wp-json\/wp\/v2\/media?parent=17174"}],"wp:term":[{"taxonomy":"product_brand","embeddable":true,"href":"https:\/\/albatrostextile.ee\/en\/wp-json\/wp\/v2\/product_brand?post=17174"},{"taxonomy":"product_cat","embeddable":true,"href":"https:\/\/albatrostextile.ee\/en\/wp-json\/wp\/v2\/product_cat?post=17174"},{"taxonomy":"product_tag","embeddable":true,"href":"https:\/\/albatrostextile.ee\/en\/wp-json\/wp\/v2\/product_tag?post=17174"}],"curies":[{"name":"wp","href":"https:\/\/api.w.org\/{rel}","templated":true}]}}