{"id":154992,"date":"2025-02-26T16:15:35","date_gmt":"2025-02-26T16:15:35","guid":{"rendered":"https:\/\/albatrostextile.ee\/product\/kangas-arcadia-14438-91-290-cm\/"},"modified":"2025-02-26T16:15:35","modified_gmt":"2025-02-26T16:15:35","slug":"kangas-arcadia-14438-91-290-cm","status":"publish","type":"product","link":"https:\/\/albatrostextile.ee\/en\/product\/kangas-arcadia-14438-91-290-cm\/","title":{"rendered":"Kangas ARCADIA 14438-91 290 cm"},"content":{"rendered":"<p style=\"margin-left:0px\">KOOSTIS: 51% CO 49% VI<\/p>\n<p style=\"margin-left:0px\">LAIUS: 290cm<\/p>\n<p style=\"margin-left:0px\">KAAL: 1250g\/m2<\/p>\n<p style=\"margin-left:0px\">KULUMISKINDLUS: 8000 ts\u00fcklit<\/p>\n<p style=\"margin-left:0px\">P\u00c4RITOLUMAA: ITAALIA<\/p>\n<p style=\"margin-left:0px\"><img decoding=\"async\" class=\"image_resized\" style=\"width:24px\" src=\"https:\/\/b2b.alhambrafabrics.com\/\/img\/SIMBOLOS%20DE%20USO\/upholstery.svg\"> <img decoding=\"async\" class=\"image_resized\" style=\"width:24px\" src=\"https:\/\/b2b.alhambrafabrics.com\/\/img\/SIMBOLOS%20DE%20USO\/decoration.svg\"> <img decoding=\"async\" class=\"image_resized\" style=\"width:24px\" src=\"https:\/\/b2b.alhambrafabrics.com\/\/img\/SIMBOLOS%20DE%20USO\/drapery.svg\"> <img decoding=\"async\" class=\"image_resized\" style=\"width:24px\" src=\"https:\/\/b2b.alhambrafabrics.com\/img\/SIMBOLOS%20DE%20CONSERVACION\/Ginetex%20B2B\/png%20azul\/gin_sym_was_hand.svg\"> <img decoding=\"async\" class=\"image_resized\" style=\"width:24px\" src=\"https:\/\/b2b.alhambrafabrics.com\/img\/SIMBOLOS%20DE%20CONSERVACION\/Ginetex%20B2B\/png%20azul\/gin_sym_ble_not.svg\"> <img decoding=\"async\" class=\"image_resized\" style=\"width:24px\" src=\"https:\/\/b2b.alhambrafabrics.com\/img\/SIMBOLOS%20DE%20CONSERVACION\/Ginetex%20B2B\/png%20azul\/gin_sym_iro_not.svg\"> <img decoding=\"async\" class=\"image_resized\" style=\"width:24px\" src=\"https:\/\/b2b.alhambrafabrics.com\/img\/SIMBOLOS%20DE%20CONSERVACION\/Ginetex%20B2B\/png%20azul\/gin_sym_pro_dry_p_normal.svg\"> <img decoding=\"async\" class=\"image_resized\" style=\"width:24px\" src=\"https:\/\/b2b.alhambrafabrics.com\/img\/SIMBOLOS%20DE%20CONSERVACION\/Ginetex%20B2B\/png%20azul\/gin_sym_dry_not.svg\"><\/p>\n","protected":false},"excerpt":{"rendered":"<p>Lampass lillelise oksamustriga.<br \/>\nLampass \u2013 see on tihe \u017eakaarmustriga kangas, mille keerukas muster luuakse t\u00e4iendavate koel\u00f5ngade p\u00f5imimisega p\u00f5hikanga taustale.<br \/>\nT\u00e4iuslik kombinatsioon klassikalise kanga ajatut elegantsi ja kaasaegse disaini elavust. \u201eArcadia\u201c pakub originaalset ja moodsa l\u00e4henemisega t\u00f5lgendust art d\u00e9co stiilile ja 1900. aastate algusele omastele motiividele.<\/p>\n","protected":false},"featured_media":27955,"comment_status":"open","ping_status":"closed","template":"","meta":{"_acf_changed":false},"product_brand":[],"product_cat":[1348,1351],"product_tag":[],"class_list":{"0":"post-154992","1":"product","2":"type-product","3":"status-publish","4":"has-post-thumbnail","6":"product_cat-textile","7":"product_cat-textile-for-heavy-curtains","9":"first","10":"onbackorder","11":"taxable","12":"shipping-taxable","13":"purchasable","14":"product-type-simple"},"acf":[],"yoast_head":"<!-- This site is optimized with the Yoast SEO plugin v27.1.1 - https:\/\/yoast.com\/product\/yoast-seo-wordpress\/ -->\n<title>Kangas ARCADIA 14438-91 290 cm - Albatros Textile<\/title>\n<meta name=\"robots\" content=\"index, follow, max-snippet:-1, max-image-preview:large, max-video-preview:-1\" \/>\n<link rel=\"canonical\" href=\"https:\/\/albatrostextile.ee\/en\/product\/kangas-arcadia-14438-91-290-cm\/\" \/>\n<meta property=\"og:locale\" content=\"en_US\" \/>\n<meta property=\"og:type\" content=\"article\" \/>\n<meta property=\"og:title\" content=\"Kangas ARCADIA 14438-91 290 cm - Albatros Textile\" \/>\n<meta property=\"og:description\" content=\"Lampass lillelise oksamustriga. Lampass \u2013 see on tihe \u017eakaarmustriga kangas, mille keerukas muster luuakse t\u00e4iendavate koel\u00f5ngade p\u00f5imimisega p\u00f5hikanga taustale. T\u00e4iuslik kombinatsioon klassikalise kanga ajatut elegantsi ja kaasaegse disaini elavust. \u201eArcadia\u201c pakub originaalset ja moodsa l\u00e4henemisega t\u00f5lgendust art d\u00e9co stiilile ja 1900. aastate algusele omastele motiividele.\" \/>\n<meta property=\"og:url\" content=\"https:\/\/albatrostextile.ee\/en\/product\/kangas-arcadia-14438-91-290-cm\/\" \/>\n<meta property=\"og:site_name\" content=\"Albatros Textile\" \/>\n<meta property=\"og:image\" content=\"https:\/\/b2b.alhambrafabrics.com\/\/img\/SIMBOLOS%20DE%20USO\/upholstery.svg\" \/>\n<meta name=\"twitter:card\" content=\"summary_large_image\" \/>\n<script type=\"application\/ld+json\" class=\"yoast-schema-graph\">{\"@context\":\"https:\/\/schema.org\",\"@graph\":[{\"@type\":\"WebPage\",\"@id\":\"https:\/\/albatrostextile.ee\/en\/product\/kangas-arcadia-14438-91-290-cm\/\",\"url\":\"https:\/\/albatrostextile.ee\/en\/product\/kangas-arcadia-14438-91-290-cm\/\",\"name\":\"Kangas ARCADIA 14438-91 290 cm - Albatros Textile\",\"isPartOf\":{\"@id\":\"https:\/\/albatrostextile.ee\/en\/#website\"},\"primaryImageOfPage\":{\"@id\":\"https:\/\/albatrostextile.ee\/en\/product\/kangas-arcadia-14438-91-290-cm\/#primaryimage\"},\"image\":{\"@id\":\"https:\/\/albatrostextile.ee\/en\/product\/kangas-arcadia-14438-91-290-cm\/#primaryimage\"},\"thumbnailUrl\":\"https:\/\/albatrostextile.ee\/wp-content\/uploads\/2025\/02\/14438-23-1.jpg\",\"datePublished\":\"2025-02-26T16:15:35+00:00\",\"breadcrumb\":{\"@id\":\"https:\/\/albatrostextile.ee\/en\/product\/kangas-arcadia-14438-91-290-cm\/#breadcrumb\"},\"inLanguage\":\"en-US\",\"potentialAction\":[{\"@type\":\"ReadAction\",\"target\":[\"https:\/\/albatrostextile.ee\/en\/product\/kangas-arcadia-14438-91-290-cm\/\"]}]},{\"@type\":\"ImageObject\",\"inLanguage\":\"en-US\",\"@id\":\"https:\/\/albatrostextile.ee\/en\/product\/kangas-arcadia-14438-91-290-cm\/#primaryimage\",\"url\":\"https:\/\/albatrostextile.ee\/wp-content\/uploads\/2025\/02\/14438-23-1.jpg\",\"contentUrl\":\"https:\/\/albatrostextile.ee\/wp-content\/uploads\/2025\/02\/14438-23-1.jpg\",\"width\":1900,\"height\":1900},{\"@type\":\"BreadcrumbList\",\"@id\":\"https:\/\/albatrostextile.ee\/en\/product\/kangas-arcadia-14438-91-290-cm\/#breadcrumb\",\"itemListElement\":[{\"@type\":\"ListItem\",\"position\":1,\"name\":\"Home\",\"item\":\"https:\/\/albatrostextile.ee\/en\/homepage\/\"},{\"@type\":\"ListItem\",\"position\":2,\"name\":\"Shop\",\"item\":\"https:\/\/albatrostextile.ee\/en\/shop\/\"},{\"@type\":\"ListItem\",\"position\":3,\"name\":\"Kangas ARCADIA 14438-91 290 cm\"}]},{\"@type\":\"WebSite\",\"@id\":\"https:\/\/albatrostextile.ee\/en\/#website\",\"url\":\"https:\/\/albatrostextile.ee\/en\/\",\"name\":\"Albatros Textile\",\"description\":\"Viimsi kardinasalong\",\"publisher\":{\"@id\":\"https:\/\/albatrostextile.ee\/en\/#organization\"},\"potentialAction\":[{\"@type\":\"SearchAction\",\"target\":{\"@type\":\"EntryPoint\",\"urlTemplate\":\"https:\/\/albatrostextile.ee\/en\/?s={search_term_string}\"},\"query-input\":{\"@type\":\"PropertyValueSpecification\",\"valueRequired\":true,\"valueName\":\"search_term_string\"}}],\"inLanguage\":\"en-US\"},{\"@type\":\"Organization\",\"@id\":\"https:\/\/albatrostextile.ee\/en\/#organization\",\"name\":\"Albatros Textile\",\"url\":\"https:\/\/albatrostextile.ee\/en\/\",\"logo\":{\"@type\":\"ImageObject\",\"inLanguage\":\"en-US\",\"@id\":\"https:\/\/albatrostextile.ee\/en\/#\/schema\/logo\/image\/\",\"url\":\"https:\/\/albatrostextile.ee\/wp-content\/uploads\/2022\/11\/cropped-albatros-textile-logo.png\",\"contentUrl\":\"https:\/\/albatrostextile.ee\/wp-content\/uploads\/2022\/11\/cropped-albatros-textile-logo.png\",\"width\":512,\"height\":512,\"caption\":\"Albatros Textile\"},\"image\":{\"@id\":\"https:\/\/albatrostextile.ee\/en\/#\/schema\/logo\/image\/\"},\"sameAs\":[\"https:\/\/www.instagram.com\/albatrostextile\"]}]}<\/script>\n<!-- \/ Yoast SEO plugin. -->","yoast_head_json":{"title":"Kangas ARCADIA 14438-91 290 cm - Albatros Textile","robots":{"index":"index","follow":"follow","max-snippet":"max-snippet:-1","max-image-preview":"max-image-preview:large","max-video-preview":"max-video-preview:-1"},"canonical":"https:\/\/albatrostextile.ee\/en\/product\/kangas-arcadia-14438-91-290-cm\/","og_locale":"en_US","og_type":"article","og_title":"Kangas ARCADIA 14438-91 290 cm - Albatros Textile","og_description":"Lampass lillelise oksamustriga. Lampass \u2013 see on tihe \u017eakaarmustriga kangas, mille keerukas muster luuakse t\u00e4iendavate koel\u00f5ngade p\u00f5imimisega p\u00f5hikanga taustale. T\u00e4iuslik kombinatsioon klassikalise kanga ajatut elegantsi ja kaasaegse disaini elavust. \u201eArcadia\u201c pakub originaalset ja moodsa l\u00e4henemisega t\u00f5lgendust art d\u00e9co stiilile ja 1900. aastate algusele omastele motiividele.","og_url":"https:\/\/albatrostextile.ee\/en\/product\/kangas-arcadia-14438-91-290-cm\/","og_site_name":"Albatros Textile","og_image":[{"url":"https:\/\/b2b.alhambrafabrics.com\/\/img\/SIMBOLOS%20DE%20USO\/upholstery.svg","type":"","width":"","height":""}],"twitter_card":"summary_large_image","schema":{"@context":"https:\/\/schema.org","@graph":[{"@type":"WebPage","@id":"https:\/\/albatrostextile.ee\/en\/product\/kangas-arcadia-14438-91-290-cm\/","url":"https:\/\/albatrostextile.ee\/en\/product\/kangas-arcadia-14438-91-290-cm\/","name":"Kangas ARCADIA 14438-91 290 cm - Albatros Textile","isPartOf":{"@id":"https:\/\/albatrostextile.ee\/en\/#website"},"primaryImageOfPage":{"@id":"https:\/\/albatrostextile.ee\/en\/product\/kangas-arcadia-14438-91-290-cm\/#primaryimage"},"image":{"@id":"https:\/\/albatrostextile.ee\/en\/product\/kangas-arcadia-14438-91-290-cm\/#primaryimage"},"thumbnailUrl":"https:\/\/albatrostextile.ee\/wp-content\/uploads\/2025\/02\/14438-23-1.jpg","datePublished":"2025-02-26T16:15:35+00:00","breadcrumb":{"@id":"https:\/\/albatrostextile.ee\/en\/product\/kangas-arcadia-14438-91-290-cm\/#breadcrumb"},"inLanguage":"en-US","potentialAction":[{"@type":"ReadAction","target":["https:\/\/albatrostextile.ee\/en\/product\/kangas-arcadia-14438-91-290-cm\/"]}]},{"@type":"ImageObject","inLanguage":"en-US","@id":"https:\/\/albatrostextile.ee\/en\/product\/kangas-arcadia-14438-91-290-cm\/#primaryimage","url":"https:\/\/albatrostextile.ee\/wp-content\/uploads\/2025\/02\/14438-23-1.jpg","contentUrl":"https:\/\/albatrostextile.ee\/wp-content\/uploads\/2025\/02\/14438-23-1.jpg","width":1900,"height":1900},{"@type":"BreadcrumbList","@id":"https:\/\/albatrostextile.ee\/en\/product\/kangas-arcadia-14438-91-290-cm\/#breadcrumb","itemListElement":[{"@type":"ListItem","position":1,"name":"Home","item":"https:\/\/albatrostextile.ee\/en\/homepage\/"},{"@type":"ListItem","position":2,"name":"Shop","item":"https:\/\/albatrostextile.ee\/en\/shop\/"},{"@type":"ListItem","position":3,"name":"Kangas ARCADIA 14438-91 290 cm"}]},{"@type":"WebSite","@id":"https:\/\/albatrostextile.ee\/en\/#website","url":"https:\/\/albatrostextile.ee\/en\/","name":"Albatros Textile","description":"Viimsi kardinasalong","publisher":{"@id":"https:\/\/albatrostextile.ee\/en\/#organization"},"potentialAction":[{"@type":"SearchAction","target":{"@type":"EntryPoint","urlTemplate":"https:\/\/albatrostextile.ee\/en\/?s={search_term_string}"},"query-input":{"@type":"PropertyValueSpecification","valueRequired":true,"valueName":"search_term_string"}}],"inLanguage":"en-US"},{"@type":"Organization","@id":"https:\/\/albatrostextile.ee\/en\/#organization","name":"Albatros Textile","url":"https:\/\/albatrostextile.ee\/en\/","logo":{"@type":"ImageObject","inLanguage":"en-US","@id":"https:\/\/albatrostextile.ee\/en\/#\/schema\/logo\/image\/","url":"https:\/\/albatrostextile.ee\/wp-content\/uploads\/2022\/11\/cropped-albatros-textile-logo.png","contentUrl":"https:\/\/albatrostextile.ee\/wp-content\/uploads\/2022\/11\/cropped-albatros-textile-logo.png","width":512,"height":512,"caption":"Albatros Textile"},"image":{"@id":"https:\/\/albatrostextile.ee\/en\/#\/schema\/logo\/image\/"},"sameAs":["https:\/\/www.instagram.com\/albatrostextile"]}]}},"_links":{"self":[{"href":"https:\/\/albatrostextile.ee\/en\/wp-json\/wp\/v2\/product\/154992","targetHints":{"allow":["GET"]}}],"collection":[{"href":"https:\/\/albatrostextile.ee\/en\/wp-json\/wp\/v2\/product"}],"about":[{"href":"https:\/\/albatrostextile.ee\/en\/wp-json\/wp\/v2\/types\/product"}],"replies":[{"embeddable":true,"href":"https:\/\/albatrostextile.ee\/en\/wp-json\/wp\/v2\/comments?post=154992"}],"wp:featuredmedia":[{"embeddable":true,"href":"https:\/\/albatrostextile.ee\/en\/wp-json\/wp\/v2\/media\/27955"}],"wp:attachment":[{"href":"https:\/\/albatrostextile.ee\/en\/wp-json\/wp\/v2\/media?parent=154992"}],"wp:term":[{"taxonomy":"product_brand","embeddable":true,"href":"https:\/\/albatrostextile.ee\/en\/wp-json\/wp\/v2\/product_brand?post=154992"},{"taxonomy":"product_cat","embeddable":true,"href":"https:\/\/albatrostextile.ee\/en\/wp-json\/wp\/v2\/product_cat?post=154992"},{"taxonomy":"product_tag","embeddable":true,"href":"https:\/\/albatrostextile.ee\/en\/wp-json\/wp\/v2\/product_tag?post=154992"}],"curies":[{"name":"wp","href":"https:\/\/api.w.org\/{rel}","templated":true}]}}